{"id":1498,"date":"2023-10-28T19:19:48","date_gmt":"2023-10-28T19:19:48","guid":{"rendered":"https:\/\/krishnatoursusa.com\/?page_id=1498"},"modified":"2023-11-24T20:04:56","modified_gmt":"2023-11-24T20:04:56","slug":"iceland-days","status":"publish","type":"page","link":"https:\/\/krishnatoursusa.com\/index.php\/iceland-days\/","title":{"rendered":"Iceland"},"content":{"rendered":"\t\t<div data-elementor-type=\"wp-page\" data-elementor-id=\"1498\" class=\"elementor elementor-1498\">\n\t\t\t\t\t\t<section class=\"elementor-section elementor-top-section elementor-element elementor-element-cho8fw3 elementor-section-height-min-height elementor-section-content-middle ct-section-stretched elementor-section-boxed elementor-section-height-default elementor-section-items-middle\" data-id=\"cho8fw3\" data-element_type=\"section\" data-e-type=\"section\" data-settings=\"{&quot;background_background&quot;:&quot;classic&quot;,&quot;shape_divider_bottom&quot;:&quot;triangle&quot;}\">\n\t\t\t\t\t\t\t<div class=\"elementor-background-overlay\"><\/div>\n\t\t\t\t\t\t<div class=\"elementor-shape elementor-shape-bottom\" aria-hidden=\"true\" data-negative=\"false\">\n\t\t\t<svg xmlns=\"http:\/\/www.w3.org\/2000\/svg\" viewBox=\"0 0 1000 100\" preserveAspectRatio=\"none\">\n\t<path class=\"elementor-shape-fill\" d=\"M500,98.9L0,6.1V0h1000v6.1L500,98.9z\"\/>\n<\/svg>\t\t<\/div>\n\t\t\t\t\t<div class=\"elementor-container elementor-column-gap-extended\">\n\t\t\t\t\t<div class=\"elementor-column elementor-col-16 elementor-top-column elementor-element elementor-element-210c1c72\" data-id=\"210c1c72\" data-element_type=\"column\" data-e-type=\"column\">\n\t\t\t<div class=\"elementor-widget-wrap\">\n\t\t\t\t\t\t\t<\/div>\n\t\t<\/div>\n\t\t\t\t<div class=\"elementor-column elementor-col-66 elementor-top-column elementor-element elementor-element-7866b56d\" data-id=\"7866b56d\" data-element_type=\"column\" data-e-type=\"column\">\n\t\t\t<div class=\"elementor-widget-wrap elementor-element-populated\">\n\t\t\t\t\t\t<div class=\"elementor-element elementor-element-af74da5 elementor-invisible elementor-widget elementor-widget-heading\" data-id=\"af74da5\" data-element_type=\"widget\" data-e-type=\"widget\" data-settings=\"{&quot;_animation&quot;:&quot;fadeInUp&quot;,&quot;_animation_delay&quot;:200}\" data-widget_type=\"heading.default\">\n\t\t\t\t<div class=\"elementor-widget-container\">\n\t\t\t\t\t<h1 class=\"elementor-heading-title elementor-size-default\">iceland<\/h1>\t\t\t\t<\/div>\n\t\t\t\t<\/div>\n\t\t\t\t\t<\/div>\n\t\t<\/div>\n\t\t\t\t<div class=\"elementor-column elementor-col-16 elementor-top-column elementor-element elementor-element-5dd45d67\" data-id=\"5dd45d67\" data-element_type=\"column\" data-e-type=\"column\">\n\t\t\t<div class=\"elementor-widget-wrap\">\n\t\t\t\t\t\t\t<\/div>\n\t\t<\/div>\n\t\t\t\t\t<\/div>\n\t\t<\/section>\n\t\t\t\t<section class=\"elementor-section elementor-top-section elementor-element elementor-element-y3va1pm ct-section-stretched elementor-section-boxed elementor-section-height-default elementor-section-height-default\" data-id=\"y3va1pm\" data-element_type=\"section\" data-e-type=\"section\" data-settings=\"{&quot;background_background&quot;:&quot;gradient&quot;}\">\n\t\t\t\t\t\t<div class=\"elementor-container elementor-column-gap-no\">\n\t\t\t\t\t<div class=\"elementor-column elementor-col-100 elementor-top-column elementor-element elementor-element-7d758eb\" data-id=\"7d758eb\" data-element_type=\"column\" data-e-type=\"column\">\n\t\t\t<div class=\"elementor-widget-wrap elementor-element-populated\">\n\t\t\t\t\t\t<section class=\"elementor-section elementor-inner-section elementor-element elementor-element-8cb8660 elementor-section-content-middle elementor-section-full_width elementor-section-height-default elementor-section-height-default\" data-id=\"8cb8660\" data-element_type=\"section\" data-e-type=\"section\">\n\t\t\t\t\t\t<div class=\"elementor-container elementor-column-gap-default\">\n\t\t\t\t\t<div class=\"elementor-column elementor-col-16 elementor-inner-column elementor-element elementor-element-4cf65221\" data-id=\"4cf65221\" data-element_type=\"column\" data-e-type=\"column\">\n\t\t\t<div class=\"elementor-widget-wrap\">\n\t\t\t\t\t\t\t<\/div>\n\t\t<\/div>\n\t\t\t\t<div class=\"elementor-column elementor-col-66 elementor-inner-column elementor-element elementor-element-165d7335\" data-id=\"165d7335\" data-element_type=\"column\" data-e-type=\"column\">\n\t\t\t<div class=\"elementor-widget-wrap elementor-element-populated\">\n\t\t\t\t\t\t<div class=\"elementor-element elementor-element-6b73202e elementor-invisible elementor-widget elementor-widget-heading\" data-id=\"6b73202e\" data-element_type=\"widget\" data-e-type=\"widget\" data-settings=\"{&quot;_animation&quot;:&quot;fadeInDown&quot;}\" data-widget_type=\"heading.default\">\n\t\t\t\t<div class=\"elementor-widget-container\">\n\t\t\t\t\t<h2 class=\"elementor-heading-title elementor-size-default\">iceland<\/h2>\t\t\t\t<\/div>\n\t\t\t\t<\/div>\n\t\t\t\t<div class=\"elementor-element elementor-element-f0db8a8 elementor-invisible elementor-widget elementor-widget-text-editor\" data-id=\"f0db8a8\" data-element_type=\"widget\" data-e-type=\"widget\" data-settings=\"{&quot;_animation&quot;:&quot;fadeInUp&quot;,&quot;_animation_delay&quot;:200}\" data-widget_type=\"text-editor.default\">\n\t\t\t\t<div class=\"elementor-widget-container\">\n\t\t\t\t\t\t\t\t\t<p>Duration: 8 days<\/p>\t\t\t\t\t\t\t\t<\/div>\n\t\t\t\t<\/div>\n\t\t\t\t<div class=\"elementor-element elementor-element-7fbe097b elementor-widget elementor-widget-image\" data-id=\"7fbe097b\" data-element_type=\"widget\" data-e-type=\"widget\" data-widget_type=\"image.default\">\n\t\t\t\t<div class=\"elementor-widget-container\">\n\t\t\t\t\t\t\t\t\t\t\t\t\t\t\t<img decoding=\"async\" width=\"200\" height=\"35\" src=\"https:\/\/krishnatoursusa.com\/wp-content\/uploads\/2023\/10\/divider-free-img-1.png\" class=\"attachment-full size-full wp-image-449\" alt=\"\" \/>\t\t\t\t\t\t\t\t\t\t\t\t\t\t\t<\/div>\n\t\t\t\t<\/div>\n\t\t\t\t\t<\/div>\n\t\t<\/div>\n\t\t\t\t<div class=\"elementor-column elementor-col-16 elementor-inner-column elementor-element elementor-element-3a7cfdc3\" data-id=\"3a7cfdc3\" data-element_type=\"column\" data-e-type=\"column\">\n\t\t\t<div class=\"elementor-widget-wrap\">\n\t\t\t\t\t\t\t<\/div>\n\t\t<\/div>\n\t\t\t\t\t<\/div>\n\t\t<\/section>\n\t\t\t\t<section class=\"elementor-section elementor-inner-section elementor-element elementor-element-7e55d807 elementor-section-content-middle elementor-section-full_width elementor-section-height-default elementor-section-height-default\" data-id=\"7e55d807\" data-element_type=\"section\" data-e-type=\"section\">\n\t\t\t\t\t\t<div class=\"elementor-container elementor-column-gap-default\">\n\t\t\t\t\t<div class=\"elementor-column elementor-col-16 elementor-inner-column elementor-element elementor-element-1ff3e762\" data-id=\"1ff3e762\" data-element_type=\"column\" data-e-type=\"column\">\n\t\t\t<div class=\"elementor-widget-wrap\">\n\t\t\t\t\t\t\t<\/div>\n\t\t<\/div>\n\t\t\t\t<div class=\"elementor-column elementor-col-66 elementor-inner-column elementor-element elementor-element-3a11dd99\" data-id=\"3a11dd99\" data-element_type=\"column\" data-e-type=\"column\">\n\t\t\t<div class=\"elementor-widget-wrap elementor-element-populated\">\n\t\t\t\t\t\t<div class=\"elementor-element elementor-element-4ec992ac elementor-widget__width-initial elementor-widget elementor-widget-text-editor\" data-id=\"4ec992ac\" data-element_type=\"widget\" data-e-type=\"widget\" data-widget_type=\"text-editor.default\">\n\t\t\t\t<div class=\"elementor-widget-container\">\n\t\t\t\t\t\t\t\t\t<p><b>DAY &#8211; Depart for Iceland<br>Depart for Iceland.<\/b><\/p>\n<p><b>DAY 2 &#8211; Arrive in Keflav\u00edk<br><\/b>Arrive in Iceland, Land of Ice and Fire&amp;quot; and transfer to your hotel in Reykjav\u00edk. Most flights arrive in the early morning and your room may not be ready for you. In this case, please leave your luggage with the concierge. The balance of the day is at leisure to explore Reykjav\u00edk, the world most northerly capital, surrounded by incredible landscapes and countless natural wonders.Reykjav\u00edk is a small city and easy to navigate. Your tour begins with an orientation meeting with your Tour Manager at approximately 6 PM. We recommend that you select flights which arrive no later than 4 PM.<br><b>Overnight<\/b>:&nbsp;Reykjavik &#8211; Dinner.<\/p>\n<p><b>DAY 3 &#8211; Blue Lagoon Tour, Reykjavik City Tour, Geothermal Power Plant<br><\/b>After breakfast, visit the famous Blue Lagoon, a unique natural pool of mineral-rich geothermal water located in the middle of a lava field. Enjoy a relaxing bath in the pleasantly warm water reputed for its healing properties. Afterward, drive through the capital for a tour of Reykjav\u00edk.The tour traverses the Old Town center to the Al\u00feingi Parliament, the D\u00f3mkirkjan Cathedral, city hall and the harbor. Then, onward to H\u00f6f\u00f0i House, the site of the 1986 Iceland Summit where Reagan and Gorbachev met. Stop at Perlan, located on the \u00d6skjuhl\u00ed\u00f0 hill, for spectacular views over the capital area, followed by a visit to Hallgr\u00edmskirkja church*, one of Reykjav\u00edk landmarks. Later, head to Hellishei\u00f0i for a tour of the Hellishei\u00f0i Geothermal power plant, where geothermal energy has been extensively harnessed for the region vibrant greenhouse industry.<br>*Visitors will not be permitted to enter the church if Mass is in session.<br><b>Overnight<\/b>:&nbsp;Reykjavik<br><b>Meals<\/b>:&nbsp;Breakfast, Dinner.<\/p>\n<p><b>DAY 4 &#8211; Lava Center, South Coast Waterfalls<br><\/b>Depart from Reykjav\u00edk and journey through the rich farmlands and onward to majestic<br>mountains, where the impressive volcano Hekla can be seen on a clear day. Visit the informative Lava Center with its interactive exhibition about geology and the volcanic systems in Iceland. Free time for lunch on your own. Travel to Seljalandsfoss and Sk\u00f3gafoss, two of the numerous awe-inspiring waterfalls set along the coast. Pass by the S\u00f3lheimaj\u00f6kull glacier and learn about the impact that global warming has had on Icelandic glaciers. Continue to Dyrh\u00f3laey Nature Reserve* where you get a beautiful view of the coastline. Then, head to Kirkjub\u00e6jarklaustur for dinner and overnight.<br>*Dyrh\u00f3laey Nature Reserve is closed during the nesting season (early May to late June)<br><b>Overnight<\/b>:&nbsp;Kirkjub\u00e6jarklaustur<br><b>Meals<\/b>:&nbsp;Breakfast, Dinner<\/p>\n<p><b>DAY 5 &#8211; Skaftafell National Park, J\u00f6kuls\u00e1rl\u00f3n Glacial Lagoon<br><\/b>Today, drive over the Skei\u00f0ar\u00e1rsandur outwash plains to Skaftafell National Park, one of<br>Iceland most amazing examples of sheer natural splendor, dominated by Vatnaj\u00f6kull Glacier, Europe largest ice cap. Take a short hike to see the stunning contrast between the lush vegetation and barren slopes, culminating with views of the highest peaks in Skaftafell. Then,<span style=\"font-size: inherit; text-align: inherit; background-color: transparent; color: var(--color); font-family: var(--fontFamily); font-style: var(--fontStyle, inherit); font-weight: var(--fontWeight); letter-spacing: var(--letterSpacing); text-transform: var(--textTransform);\">continue to J\u00f6kuls\u00e1rl\u00f3n glacial lagoon with its immense floating icebergs. The astonishing blue&nbsp;<\/span><span style=\"font-size: inherit; text-align: inherit; background-color: transparent; color: var(--color); font-family: var(--fontFamily); font-style: var(--fontStyle, inherit); font-weight: var(--fontWeight); letter-spacing: var(--letterSpacing); text-transform: var(--textTransform);\">ice makes this one of Iceland most iconic destinations. Take a boat excursion that brings you&nbsp;<\/span><span style=\"font-size: inherit; text-align: inherit; background-color: transparent; color: var(--color); font-family: var(--fontFamily); font-style: var(--fontStyle, inherit); font-weight: var(--fontWeight); letter-spacing: var(--letterSpacing); text-transform: var(--textTransform);\">face to face with these breathtaking natural wonders. Cap off this exciting day with dinner at&nbsp;<\/span><span style=\"font-size: inherit; text-align: inherit; background-color: transparent; color: var(--color); font-family: var(--fontFamily); font-style: var(--fontStyle, inherit); font-weight: var(--fontWeight); letter-spacing: var(--letterSpacing); text-transform: var(--textTransform);\">your hotel.<\/span><\/p>\n<p><span style=\"font-size: inherit; text-align: inherit; background-color: transparent; color: var(--color); font-family: var(--fontFamily); font-style: var(--fontStyle, inherit); letter-spacing: var(--letterSpacing); text-transform: var(--textTransform);\"><b>Overnight<\/b><\/span><span style=\"font-size: inherit; text-align: inherit; background-color: transparent; color: var(--color); font-family: var(--fontFamily); font-style: var(--fontStyle, inherit); font-weight: var(--fontWeight); letter-spacing: var(--letterSpacing); text-transform: var(--textTransform);\">:&nbsp;Kirkjub\u00e6jarklaustur<\/span><\/p>\n<p><b>Meals<\/b>:&nbsp;Breakfast, Dinner.<\/p>\n<p><b>DAY 6 &#8211; Gullfoss, Geyser, Thingvellir National Park, Hamar<br><\/b>Today, your first stop will be at the delightful Fri\u00f0heimar Tomato Farm, where you will learn<br>about the process of greenhouse horticulture in Iceland. Enjoy a lunch of homemade tomato soup and fresh-baked bread, followed by a horse show. See firsthand the unique characteristics of the famed Icelandic horse. Afterward, visit Gullfoss waterfall where the mighty Hv\u00edt\u00e1 river appears to simply vanish into the earth, but a closer look reveals gorgeous, staggered falls plunging into a crevice over 200 feet deep. From Gullfoss continue to Geysir geothermal area, where the famous Strokkur hot spring spouts every few minutes. Then, proceed to \u00deingvellir National Park, a UNESCO World Heritage site. Situated on the plate boundaries of the Mid-Atlantic Ridge, this is an ideal place to see evidence of the rifting of the Earth crust.\u00deingvellir, the oldest existing Parliament, which first met here in 930 AD.In the afternoon drive to your hotel in Hamar for dinner and overnight.<br><b>Overnight<\/b>:&nbsp;Hamar.<br><b>Meals<\/b>:&nbsp;Breakfast, Dinner.<\/p>\n<p><b>DAY 7 &#8211; Borgarfj\u00f6r\u00f0ur Valley, Sn\u00e6fellsnes Peninsula<br><\/b>Today, embark on a full day excursion to the Sn\u00e6fellsnes Peninsula, a Green Globe benchmark region, making it a model for sustainable tourism. Sn\u00e6fellsnes is a unique area with a variety of fascinating geological features such as lava fields, volcanoes, glaciers, mineral springs, beautifully formed rocks, yellow and black sand beaches, caves, and captivating bird colonies.On a clear day, admire views of Snaefellsj\u00f6kull Glacier atop a beautifully shaped stratovolcano.The glacier and the unspoiled natural wonders surrounding it are the setting of Jules Verne classic novel Journey to the Center of the Earth. Arrive at your hotel late afternoon. This evening, dinner is at your hotel.<br><b>Overnight<\/b>:&nbsp;Sn\u00e6fellsnes Peninsula<br><b>Meals<\/b>:&nbsp;Breakfast, Dinner.<\/p>\n<p><b>DAY 8 &#8211; Sn\u00e6fellsnes, Settlement Center, Reykjav\u00edk<br><\/b>This morning, visit Bjarnarh\u00f6fn Farm which is the region leading producer of a traditional Icelandic dish known as h\u00e1karl (cured shark meat). The farm offers a unique history of the locality, and you can learn about the Greenland shark, its habits, biology, and much more. En route to Reykjav\u00edk, stop to visit the Settlement Center in Borgarnes which offers a unique opportunity to learn about the mystical Viking era. Learn how Vikings sailed across the Atlantic Ocean in the year 800 AD and how they discovered Iceland. Arrive in Reykjavik in the afternoon. Upon checking into your hotel, enjoy a reception and bid farewell to your tour Manager.<br><b>Overnight<\/b>:&nbsp;Reykjavik<br><b>Meals<\/b>:&nbsp;Breakfast, Dinner.<\/p>\n<p><b>DAY 8 \u2013 Departure to airport &#8211; home sweet home to our loved one.<\/b><\/p>\t\t\t\t\t\t\t\t<\/div>\n\t\t\t\t<\/div>\n\t\t\t\t\t<\/div>\n\t\t<\/div>\n\t\t\t\t<div class=\"elementor-column elementor-col-16 elementor-inner-column elementor-element elementor-element-12e4b3d4\" data-id=\"12e4b3d4\" data-element_type=\"column\" data-e-type=\"column\">\n\t\t\t<div class=\"elementor-widget-wrap\">\n\t\t\t\t\t\t\t<\/div>\n\t\t<\/div>\n\t\t\t\t\t<\/div>\n\t\t<\/section>\n\t\t\t\t\t<\/div>\n\t\t<\/div>\n\t\t\t\t\t<\/div>\n\t\t<\/section>\n\t\t\t\t<\/div>\n\t\t","protected":false},"excerpt":{"rendered":"<p>iceland iceland Duration: 8 days DAY &#8211; Depart for IcelandDepart for Iceland. DAY 2 &#8211; Arrive in Keflav\u00edkArrive in Iceland, Land of Ice and Fire&amp;quot; and transfer to your hotel in Reykjav\u00edk. Most flights arrive in the early morning and your room may not be ready for you. In this case, please leave your luggage [&hellip;]<\/p>\n","protected":false},"author":1,"featured_media":0,"parent":0,"menu_order":0,"comment_status":"closed","ping_status":"closed","template":"","meta":{"footnotes":""},"class_list":["post-1498","page","type-page","status-publish","hentry"],"blocksy_meta":[],"yoast_head":"<!-- This site is optimized with the Yoast SEO plugin v27.3 - https:\/\/yoast.com\/product\/yoast-seo-wordpress\/ -->\n<title>Iceland |<\/title>\n<meta name=\"robots\" content=\"index, follow, max-snippet:-1, max-image-preview:large, max-video-preview:-1\" \/>\n<link rel=\"canonical\" href=\"https:\/\/krishnatoursusa.com\/index.php\/iceland-days\/\" \/>\n<meta property=\"og:locale\" content=\"en_US\" \/>\n<meta property=\"og:type\" content=\"article\" \/>\n<meta property=\"og:title\" content=\"Iceland |\" \/>\n<meta property=\"og:description\" content=\"iceland iceland Duration: 8 days DAY &#8211; Depart for IcelandDepart for Iceland. DAY 2 &#8211; Arrive in Keflav\u00edkArrive in Iceland, Land of Ice and Fire&amp;quot; and transfer to your hotel in Reykjav\u00edk. Most flights arrive in the early morning and your room may not be ready for you. In this case, please leave your luggage [&hellip;]\" \/>\n<meta property=\"og:url\" content=\"https:\/\/krishnatoursusa.com\/index.php\/iceland-days\/\" \/>\n<meta property=\"article:modified_time\" content=\"2023-11-24T20:04:56+00:00\" \/>\n<meta property=\"og:image\" content=\"https:\/\/krishnatoursusa.com\/wp-content\/uploads\/2023\/10\/divider-free-img-1.png\" \/>\n<meta name=\"twitter:card\" content=\"summary_large_image\" \/>\n<meta name=\"twitter:label1\" content=\"Est. reading time\" \/>\n\t<meta name=\"twitter:data1\" content=\"5 minutes\" \/>\n<script type=\"application\/ld+json\" class=\"yoast-schema-graph\">{\"@context\":\"https:\\\/\\\/schema.org\",\"@graph\":[{\"@type\":\"WebPage\",\"@id\":\"https:\\\/\\\/krishnatoursusa.com\\\/index.php\\\/iceland-days\\\/\",\"url\":\"https:\\\/\\\/krishnatoursusa.com\\\/index.php\\\/iceland-days\\\/\",\"name\":\"Iceland |\",\"isPartOf\":{\"@id\":\"https:\\\/\\\/krishnatoursusa.com\\\/#website\"},\"primaryImageOfPage\":{\"@id\":\"https:\\\/\\\/krishnatoursusa.com\\\/index.php\\\/iceland-days\\\/#primaryimage\"},\"image\":{\"@id\":\"https:\\\/\\\/krishnatoursusa.com\\\/index.php\\\/iceland-days\\\/#primaryimage\"},\"thumbnailUrl\":\"https:\\\/\\\/krishnatoursusa.com\\\/wp-content\\\/uploads\\\/2023\\\/10\\\/divider-free-img-1.png\",\"datePublished\":\"2023-10-28T19:19:48+00:00\",\"dateModified\":\"2023-11-24T20:04:56+00:00\",\"breadcrumb\":{\"@id\":\"https:\\\/\\\/krishnatoursusa.com\\\/index.php\\\/iceland-days\\\/#breadcrumb\"},\"inLanguage\":\"en-US\",\"potentialAction\":[{\"@type\":\"ReadAction\",\"target\":[\"https:\\\/\\\/krishnatoursusa.com\\\/index.php\\\/iceland-days\\\/\"]}]},{\"@type\":\"ImageObject\",\"inLanguage\":\"en-US\",\"@id\":\"https:\\\/\\\/krishnatoursusa.com\\\/index.php\\\/iceland-days\\\/#primaryimage\",\"url\":\"https:\\\/\\\/krishnatoursusa.com\\\/wp-content\\\/uploads\\\/2023\\\/10\\\/divider-free-img-1.png\",\"contentUrl\":\"https:\\\/\\\/krishnatoursusa.com\\\/wp-content\\\/uploads\\\/2023\\\/10\\\/divider-free-img-1.png\",\"width\":200,\"height\":35},{\"@type\":\"BreadcrumbList\",\"@id\":\"https:\\\/\\\/krishnatoursusa.com\\\/index.php\\\/iceland-days\\\/#breadcrumb\",\"itemListElement\":[{\"@type\":\"ListItem\",\"position\":1,\"name\":\"Home\",\"item\":\"https:\\\/\\\/krishnatoursusa.com\\\/\"},{\"@type\":\"ListItem\",\"position\":2,\"name\":\"Iceland\"}]},{\"@type\":\"WebSite\",\"@id\":\"https:\\\/\\\/krishnatoursusa.com\\\/#website\",\"url\":\"https:\\\/\\\/krishnatoursusa.com\\\/\",\"name\":\"https:\\\/\\\/krishnatoursusa.com\\\/\",\"description\":\"\",\"publisher\":{\"@id\":\"https:\\\/\\\/krishnatoursusa.com\\\/#organization\"},\"potentialAction\":[{\"@type\":\"SearchAction\",\"target\":{\"@type\":\"EntryPoint\",\"urlTemplate\":\"https:\\\/\\\/krishnatoursusa.com\\\/?s={search_term_string}\"},\"query-input\":{\"@type\":\"PropertyValueSpecification\",\"valueRequired\":true,\"valueName\":\"search_term_string\"}}],\"inLanguage\":\"en-US\"},{\"@type\":\"Organization\",\"@id\":\"https:\\\/\\\/krishnatoursusa.com\\\/#organization\",\"name\":\"krishnatoursusa\",\"url\":\"https:\\\/\\\/krishnatoursusa.com\\\/\",\"logo\":{\"@type\":\"ImageObject\",\"inLanguage\":\"en-US\",\"@id\":\"https:\\\/\\\/krishnatoursusa.com\\\/#\\\/schema\\\/logo\\\/image\\\/\",\"url\":\"https:\\\/\\\/krishnatoursusa.com\\\/wp-content\\\/uploads\\\/2025\\\/03\\\/new-logo-with-red-colour.jpeg\",\"contentUrl\":\"https:\\\/\\\/krishnatoursusa.com\\\/wp-content\\\/uploads\\\/2025\\\/03\\\/new-logo-with-red-colour.jpeg\",\"width\":1600,\"height\":594,\"caption\":\"krishnatoursusa\"},\"image\":{\"@id\":\"https:\\\/\\\/krishnatoursusa.com\\\/#\\\/schema\\\/logo\\\/image\\\/\"}}]}<\/script>\n<!-- \/ Yoast SEO plugin. -->","yoast_head_json":{"title":"Iceland |","robots":{"index":"index","follow":"follow","max-snippet":"max-snippet:-1","max-image-preview":"max-image-preview:large","max-video-preview":"max-video-preview:-1"},"canonical":"https:\/\/krishnatoursusa.com\/index.php\/iceland-days\/","og_locale":"en_US","og_type":"article","og_title":"Iceland |","og_description":"iceland iceland Duration: 8 days DAY &#8211; Depart for IcelandDepart for Iceland. DAY 2 &#8211; Arrive in Keflav\u00edkArrive in Iceland, Land of Ice and Fire&amp;quot; and transfer to your hotel in Reykjav\u00edk. Most flights arrive in the early morning and your room may not be ready for you. In this case, please leave your luggage [&hellip;]","og_url":"https:\/\/krishnatoursusa.com\/index.php\/iceland-days\/","article_modified_time":"2023-11-24T20:04:56+00:00","og_image":[{"url":"https:\/\/krishnatoursusa.com\/wp-content\/uploads\/2023\/10\/divider-free-img-1.png","type":"","width":"","height":""}],"twitter_card":"summary_large_image","twitter_misc":{"Est. reading time":"5 minutes"},"schema":{"@context":"https:\/\/schema.org","@graph":[{"@type":"WebPage","@id":"https:\/\/krishnatoursusa.com\/index.php\/iceland-days\/","url":"https:\/\/krishnatoursusa.com\/index.php\/iceland-days\/","name":"Iceland |","isPartOf":{"@id":"https:\/\/krishnatoursusa.com\/#website"},"primaryImageOfPage":{"@id":"https:\/\/krishnatoursusa.com\/index.php\/iceland-days\/#primaryimage"},"image":{"@id":"https:\/\/krishnatoursusa.com\/index.php\/iceland-days\/#primaryimage"},"thumbnailUrl":"https:\/\/krishnatoursusa.com\/wp-content\/uploads\/2023\/10\/divider-free-img-1.png","datePublished":"2023-10-28T19:19:48+00:00","dateModified":"2023-11-24T20:04:56+00:00","breadcrumb":{"@id":"https:\/\/krishnatoursusa.com\/index.php\/iceland-days\/#breadcrumb"},"inLanguage":"en-US","potentialAction":[{"@type":"ReadAction","target":["https:\/\/krishnatoursusa.com\/index.php\/iceland-days\/"]}]},{"@type":"ImageObject","inLanguage":"en-US","@id":"https:\/\/krishnatoursusa.com\/index.php\/iceland-days\/#primaryimage","url":"https:\/\/krishnatoursusa.com\/wp-content\/uploads\/2023\/10\/divider-free-img-1.png","contentUrl":"https:\/\/krishnatoursusa.com\/wp-content\/uploads\/2023\/10\/divider-free-img-1.png","width":200,"height":35},{"@type":"BreadcrumbList","@id":"https:\/\/krishnatoursusa.com\/index.php\/iceland-days\/#breadcrumb","itemListElement":[{"@type":"ListItem","position":1,"name":"Home","item":"https:\/\/krishnatoursusa.com\/"},{"@type":"ListItem","position":2,"name":"Iceland"}]},{"@type":"WebSite","@id":"https:\/\/krishnatoursusa.com\/#website","url":"https:\/\/krishnatoursusa.com\/","name":"https:\/\/krishnatoursusa.com\/","description":"","publisher":{"@id":"https:\/\/krishnatoursusa.com\/#organization"},"potentialAction":[{"@type":"SearchAction","target":{"@type":"EntryPoint","urlTemplate":"https:\/\/krishnatoursusa.com\/?s={search_term_string}"},"query-input":{"@type":"PropertyValueSpecification","valueRequired":true,"valueName":"search_term_string"}}],"inLanguage":"en-US"},{"@type":"Organization","@id":"https:\/\/krishnatoursusa.com\/#organization","name":"krishnatoursusa","url":"https:\/\/krishnatoursusa.com\/","logo":{"@type":"ImageObject","inLanguage":"en-US","@id":"https:\/\/krishnatoursusa.com\/#\/schema\/logo\/image\/","url":"https:\/\/krishnatoursusa.com\/wp-content\/uploads\/2025\/03\/new-logo-with-red-colour.jpeg","contentUrl":"https:\/\/krishnatoursusa.com\/wp-content\/uploads\/2025\/03\/new-logo-with-red-colour.jpeg","width":1600,"height":594,"caption":"krishnatoursusa"},"image":{"@id":"https:\/\/krishnatoursusa.com\/#\/schema\/logo\/image\/"}}]}},"_links":{"self":[{"href":"https:\/\/krishnatoursusa.com\/index.php\/wp-json\/wp\/v2\/pages\/1498","targetHints":{"allow":["GET"]}}],"collection":[{"href":"https:\/\/krishnatoursusa.com\/index.php\/wp-json\/wp\/v2\/pages"}],"about":[{"href":"https:\/\/krishnatoursusa.com\/index.php\/wp-json\/wp\/v2\/types\/page"}],"author":[{"embeddable":true,"href":"https:\/\/krishnatoursusa.com\/index.php\/wp-json\/wp\/v2\/users\/1"}],"replies":[{"embeddable":true,"href":"https:\/\/krishnatoursusa.com\/index.php\/wp-json\/wp\/v2\/comments?post=1498"}],"version-history":[{"count":0,"href":"https:\/\/krishnatoursusa.com\/index.php\/wp-json\/wp\/v2\/pages\/1498\/revisions"}],"wp:attachment":[{"href":"https:\/\/krishnatoursusa.com\/index.php\/wp-json\/wp\/v2\/media?parent=1498"}],"curies":[{"name":"wp","href":"https:\/\/api.w.org\/{rel}","templated":true}]}}